{"id":5932,"date":"2025-04-09T09:57:25","date_gmt":"2025-04-09T09:57:25","guid":{"rendered":"https:\/\/villaporcelaine.com\/?page_id=5932"},"modified":"2025-04-09T09:58:06","modified_gmt":"2025-04-09T09:58:06","slug":"gyakran-ismetelt-kerdesek","status":"publish","type":"page","link":"https:\/\/villaporcelaine.com\/?page_id=5932","title":{"rendered":"Gyakran Ism\u00e9telt K\u00e9rd\u00e9sek"},"content":{"rendered":"<style type=\"text\/css\"><\/style><section id='' class='helpie-faq accordions faq-toggle open-first groupSettings-106__enabled ' data-collection='' data-pagination='0' data-search='0' data-pagination-enabled='0'><h3 class=\"collection-title\">Gyakran Ism\u00e9telt k\u00e9rd\u00e9sek<\/h3><form class=\"search\" onSubmit=\"return false;\"><div class=\"search__wrapper\"><input type=\"text\" class=\"search__input\" placeholder=\"Keres\u00e9s\"><span class=\"search__icon\"><svg class=\"svg-icon--search\" role=\"img\" xmlns=\"http:\/\/www.w3.org\/2000\/svg\" viewBox=\"0 0 22 22\">\r\n                        <g fill=\"none\" stroke=\"#171717\">\r\n                            <path stroke-linecap=\"square\" stroke-width=\"2\" d=\"M18.5 18.3l-5.4-5.4\"\/>\r\n                            <circle cx=\"8\" cy=\"8\" r=\"7\" stroke-width=\"2\"\/>\r\n                        <\/g>\r\n                    <\/svg><\/span><\/div><div class=\"search__message\"><\/div><\/form><article class=\"accordion \"><div class='helpie-faq-row'><div class='helpie-faq-col helpie-faq-col-12' ><ul><li class=\"accordion__item \"><div class=\"accordion__header \" data-id=\"post-5565\" data-item=\"hfaq-post-5565\" style=\"background:transparent;\" data-tags=\"\"><div class=\"accordion__title\">Elfogadnak-e SZ\u00c9P k\u00e1rty\u00e1t?<\/div><\/div><div class=\"accordion__body\" style=\"background:transparent;\">Igen, minden fajta SZ\u00c9P k\u00e1rty\u00e1t elfogadunk a fizet\u00e9shez.<\/div><\/li><li class=\"accordion__item \"><div class=\"accordion__header \" data-id=\"post-5865\" data-item=\"hfaq-post-5865\" style=\"background:transparent;\" data-tags=\"\"><div class=\"accordion__title\">Milyen messze van a strand?<\/div><\/div><div class=\"accordion__body\" style=\"background:transparent;\">Mind\u00f6ssze 800 m\u00e9ter, egy kellemes 10 perces s\u00e9ta.<\/div><\/li><li class=\"accordion__item \"><div class=\"accordion__header \" data-id=\"post-5867\" data-item=\"hfaq-post-5867\" style=\"background:transparent;\" data-tags=\"\"><div class=\"accordion__title\">Van-e ingyenes parkol\u00e1si lehet\u0151s\u00e9g?<\/div><\/div><div class=\"accordion__body\" style=\"background:transparent;\">Igen, az Erzs\u00e9bet kir\u00e1lyn\u00e9 \u00fatja 34-es sz\u00e1m alatti priv\u00e1t parkol\u00f3ban.<\/div><\/li><li class=\"accordion__item \"><div class=\"accordion__header \" data-id=\"post-5868\" data-item=\"hfaq-post-5868\" style=\"background:transparent;\" data-tags=\"\"><div class=\"accordion__title\">Mikor lehet be- \u00e9s kijelentkezni?<\/div><\/div><div class=\"accordion__body\" style=\"background:transparent;\">A szob\u00e1kat az \u00e9rkez\u00e9s napj\u00e1n 13.00-15:00-ig lehet elfoglalni, \u00e9s a t\u00e1voz\u00e1s napj\u00e1n legk\u00e9s\u0151bb 10.00 \u00f3rakor kell elhagyni.<\/div><\/li><li class=\"accordion__item \"><div class=\"accordion__header \" data-id=\"post-5880\" data-item=\"hfaq-post-5880\" style=\"background:transparent;\" data-tags=\"\"><div class=\"accordion__title\">Reggeli el\u00e9rhet\u0151-e?<\/div><\/div><div class=\"accordion__body\" style=\"background:transparent;\">B\u00e1r n\u00e1lunk nincsen ilyen szolg\u00e1ltat\u00e1s, de a k\u00f6zelben sz\u00e1mos kiv\u00e1l\u00f3 reggeliz\u0151hely tal\u00e1lhat\u00f3.<\/div><\/li><li class=\"accordion__item \"><div class=\"accordion__header \" data-id=\"post-5881\" data-item=\"hfaq-post-5881\" style=\"background:transparent;\" data-tags=\"\"><div class=\"accordion__title\">Wifi van?<\/div><\/div><div class=\"accordion__body\" style=\"background:transparent;\">Igen, a vill\u00e1ban rendelkez\u00e9setekre \u00e1ll vezet\u00e9k n\u00e9lk\u00fcli internet kapcsolat.<\/div><\/li><li class=\"accordion__item \"><div class=\"accordion__header \" data-id=\"post-5882\" data-item=\"hfaq-post-5882\" style=\"background:transparent;\" data-tags=\"\"><div class=\"accordion__title\">Lehet-e \u00e1llatot bevinni?<\/div><\/div><div class=\"accordion__body\" style=\"background:transparent;\">Az \u00e9p\u00fclet saj\u00e1tos kialak\u00edt\u00e1sa miatt sajnos nem tudunk helyet biztos\u00edtani kis\u00e1llatok r\u00e9sz\u00e9re.<\/div><\/li><li class=\"accordion__item \"><div class=\"accordion__header \" data-id=\"post-5883\" data-item=\"hfaq-post-5883\" style=\"background:transparent;\" data-tags=\"\"><div class=\"accordion__title\">Klimatiz\u00e1lt-e h\u00e1z?<\/div><\/div><div class=\"accordion__body\" style=\"background:transparent;\">Minden szob\u00e1nk egyedileg \u00e1ll\u00edthat\u00f3 kl\u00edm\u00e1val van felszerelve.<\/div><\/li><li class=\"accordion__item \"><div class=\"accordion__header \" data-id=\"post-5884\" data-item=\"hfaq-post-5884\" style=\"background:transparent;\" data-tags=\"\"><div class=\"accordion__title\">Van-e kis\u00e1gy?<\/div><\/div><div class=\"accordion__body\" style=\"background:transparent;\">Kis\u00e1gyat sajnos nem tudunk biztos\u00edtani.<\/div><\/li><li class=\"accordion__item \"><div class=\"accordion__header \" data-id=\"post-5885\" data-item=\"hfaq-post-5885\" style=\"background:transparent;\" data-tags=\"\"><div class=\"accordion__title\">Etet\u0151sz\u00e9k rendelkez\u00e9sre \u00e1ll-e?<\/div><\/div><div class=\"accordion__body\" style=\"background:transparent;\">Igen, etet\u0151sz\u00e9ket tal\u00e1ltok n\u00e1lunk.<\/div><\/li><li class=\"accordion__item \"><div class=\"accordion__header \" data-id=\"post-5886\" data-item=\"hfaq-post-5886\" style=\"background:transparent;\" data-tags=\"\"><div class=\"accordion__title\">Gyerekj\u00e1t\u00e9kok (kinti \u00e9s benti) vannak-e?<\/div><\/div><div class=\"accordion__body\" style=\"background:transparent;\">J\u00e1t\u00e9kok nincsnek, azokat hozni kell.<\/div><\/li><li class=\"accordion__item \"><div class=\"accordion__header \" data-id=\"post-5887\" data-item=\"hfaq-post-5887\" style=\"background:transparent;\" data-tags=\"\"><div class=\"accordion__title\">Milyen k\u00e1v\u00e9f\u0151z\u0151 van? Van-e hozz\u00e1 k\u00e1v\u00e9?<\/div><\/div><div class=\"accordion__body\" style=\"background:transparent;\">Konyh\u00e1inkban Nespresso Vertuo kav\u00e9f\u0151z\u0151ket \u00e9s hozz\u00e1 val\u00f3 kapszul\u00e1kat is tal\u00e1ltok.<\/div><\/li><li class=\"accordion__item \"><div class=\"accordion__header \" data-id=\"post-5888\" data-item=\"hfaq-post-5888\" style=\"background:transparent;\" data-tags=\"\"><div class=\"accordion__title\">A konyha mennyire felszerelt, f\u0171szerek, ed\u00e9nyek tekintet\u00e9ben?<\/div><\/div><div class=\"accordion__body\" style=\"background:transparent;\">A konyh\u00e1k ed\u00e9nyekkel teljesen felszereltek, f\u0171szerek k\u00f6z\u00fcl s\u00f3t, borsot, valamint olajat \u00e9s cukrot tudunk biztos\u00edtani.<\/div><\/li><li class=\"accordion__item \"><div class=\"accordion__header \" data-id=\"post-5889\" data-item=\"hfaq-post-5889\" style=\"background:transparent;\" data-tags=\"\"><div class=\"accordion__title\">\u00c1gynem\u0171t vagy t\u00f6r\u00f6lk\u00f6z\u0151t kell-e hozni?<\/div><\/div><div class=\"accordion__body\" style=\"background:transparent;\">Nem kell, mi ezekr\u0151l mind gondoskodunk.<\/div><\/li><li class=\"accordion__item \"><div class=\"accordion__header \" data-id=\"post-5890\" data-item=\"hfaq-post-5890\" style=\"background:transparent;\" data-tags=\"\"><div class=\"accordion__title\">V\u00edzhatlan matracv\u00e9d\u0151 van-e az \u00e1gyakon?<\/div><\/div><div class=\"accordion__body\" style=\"background:transparent;\">Nem kell agg\u00f3dnod a balesetek miatt, minden \u00e1gyunk v\u00edzhatlan matracv\u00e9d\u0151vel van felh\u00fazva.<\/div><\/li><li class=\"accordion__item \"><div class=\"accordion__header \" data-id=\"post-5891\" data-item=\"hfaq-post-5891\" style=\"background:transparent;\" data-tags=\"\"><div class=\"accordion__title\">Telev\u00edzi\u00f3 el\u0151fizet\u00e9s van-e?<\/div><\/div><div class=\"accordion__body\" style=\"background:transparent;\">Telev\u00edzi\u00f3 csak egy helyen, a f\u00f6ldszinti lakoszt\u00e1lyban tal\u00e1lhat\u00f3.<\/div><\/li><li class=\"accordion__item \"><div class=\"accordion__header \" data-id=\"post-5892\" data-item=\"hfaq-post-5892\" style=\"background:transparent;\" data-tags=\"\"><div class=\"accordion__title\">Az aut\u00f3k elektromos t\u00f6lt\u00e9si lehet\u0151s\u00e9ge megoldott-e?<\/div><\/div><div class=\"accordion__body\" style=\"background:transparent;\">A h\u00e1zban nincsen elektromos aut\u00f3 t\u00f6lt\u0151, de \u00f6t percre a vill\u00e1t\u00f3l van k\u00f6zt\u00e9ri t\u00f6lt\u0151\u00e1llom\u00e1s.<\/div><\/li><li class=\"accordion__item \"><div class=\"accordion__header \" data-id=\"post-5893\" data-item=\"hfaq-post-5893\" style=\"background:transparent;\" data-tags=\"\"><div class=\"accordion__title\">Mi t\u00f6rt\u00e9nik, ha valamilyen k\u00e1r keletkezik, p\u00e9ld\u00e1ul ha egy kisgyermek \u00f6sszefirk\u00e1lja a falat?<\/div><\/div><div class=\"accordion__body\" style=\"background:transparent;\">A Villa, \u00e9s k\u00fcl\u00f6n\u00f6sen a szob\u00e1k berendez\u00e9seinek \u00e9ps\u00e9g\u00e9\u00e9rt, \u00e1llag\u00e1nak meg\u00f3v\u00e1s\u00e1\u00e9rt a benne lak\u00f3k anyagi felel\u0151s\u00e9ggel tartoznak. Ha b\u00e1rmi megs\u00e9r\u00fcl, elt\u00f6rik, t\u00f6nkremegy, k\u00e9rj\u00fck, hogy k\u00e9sedelem n\u00e9lk\u00fcl jelezz\u00e9tek fel\u00e9nk! 24 \u00f3r\u00e1s \u00fcgyeleti telefonsz\u00e1munk +36 30\u00a0454 9308.<\/div><\/li><li class=\"accordion__item \"><div class=\"accordion__header \" data-id=\"post-5894\" data-item=\"hfaq-post-5894\" style=\"background:transparent;\" data-tags=\"\"><div class=\"accordion__title\">Hangfalat, zen\u00e9t lehet-e hozni?<\/div><\/div><div class=\"accordion__body\" style=\"background:transparent;\">A Villa lak\u00f3\u00f6vezetben tal\u00e1lhat\u00f3, ez\u00e9rt k\u00e9rj\u00fck, a hangfalakat hagyj\u00e1tok otthon, \u00e9s az esti \u00f3r\u00e1kban a kertben se hangoskodjatok, hogy a szomsz\u00e9doknak is legyen pihentet\u0151 ez az id\u0151szak.<\/div><\/li><li class=\"accordion__item \"><div class=\"accordion__header \" data-id=\"post-5895\" data-item=\"hfaq-post-5895\" style=\"background:transparent;\" data-tags=\"\"><div class=\"accordion__title\">Szabad a szob\u00e1kban doh\u00e1nyozni?<\/div><\/div><div class=\"accordion__body\" style=\"background:transparent;\">Doh\u00e1nyozni csak a kijel\u00f6lt helyen szabad. Az \u00e9p\u00fcletben f\u00fcst\u00e9rz\u00e9kel\u0151k ker\u00fcltek kihelyez\u00e9sre.<\/div><\/li><\/ul><\/div><\/div><\/article><\/section>","protected":false},"excerpt":{"rendered":"","protected":false},"author":4,"featured_media":5525,"parent":0,"menu_order":0,"comment_status":"closed","ping_status":"closed","template":"","meta":{"_monsterinsights_skip_tracking":false,"_monsterinsights_sitenote_active":false,"_monsterinsights_sitenote_note":"","_monsterinsights_sitenote_category":0,"cozystay_single_page_hide_site_header":"","cozystay_single_page_site_header_source":"","cozystay_single_page_custom_site_header":"0","cozystay_single_page_custom_sticky_site_header":"0","cozystay_single_page_hide_page_title":"","cozystay_single_page_header_section_size":"","cozystay_single_page_header_background_color":"","cozystay_single_page_header_background_position_x":"center","cozystay_single_page_header_background_position_y":"center","cozystay_single_page_header_background_size":"cover","cozystay_single_page_header_background_repeat":"off","cozystay_single_page_header_background_scroll":"on","cozystay_single_page_header_text_color":"","cozystay_single_page_header_show_breadcrumb":"","cozystay_single_page_site_footer_hide_main":"","cozystay_single_custom_site_footer_main_source":"","cozystay_single_custom_site_footer_main":"0","cozystay_single_page_site_footer_hide_above":"","cozystay_single_custom_site_footer_above_source":"","cozystay_single_custom_site_footer_above":"0","cozystay_single_page_site_footer_hide_instagram":"","cozystay_single_page_site_footer_hide_bottom":"","cozystay_single_custom_mobile_menu_source":"","cozystay_single_custom_mobile_menu":"0","cozystay_single_custom_mobile_menu_animation":"","cozystay_single_custom_mobile_menu_width":"","cozystay_single_custom_mobile_menu_custom_width":375,"footnotes":""},"class_list":["post-5932","page","type-page","status-publish","has-post-thumbnail","hentry"],"yoast_head":"<!-- This site is optimized with the Yoast SEO plugin v24.5 - https:\/\/yoast.com\/wordpress\/plugins\/seo\/ -->\n<title>Gyakran Ism\u00e9telt K\u00e9rd\u00e9sek - Villa Porcelaine<\/title>\n<meta name=\"robots\" content=\"index, follow, max-snippet:-1, max-image-preview:large, max-video-preview:-1\" \/>\n<link rel=\"canonical\" href=\"https:\/\/villaporcelaine.com\/?page_id=5932\" \/>\n<meta property=\"og:locale\" content=\"hu_HU\" \/>\n<meta property=\"og:type\" content=\"article\" \/>\n<meta property=\"og:title\" content=\"Gyakran Ism\u00e9telt K\u00e9rd\u00e9sek - Villa Porcelaine\" \/>\n<meta property=\"og:url\" content=\"https:\/\/villaporcelaine.com\/?page_id=5932\" \/>\n<meta property=\"og:site_name\" content=\"Villa Porcelaine\" \/>\n<meta property=\"article:modified_time\" content=\"2025-04-09T09:58:06+00:00\" \/>\n<meta property=\"og:image\" content=\"https:\/\/villaporcelaine.com\/wp-content\/uploads\/2025\/03\/BT_20250213_VillaPorcelaine_338-HDR.jpg\" \/>\n\t<meta property=\"og:image:width\" content=\"1280\" \/>\n\t<meta property=\"og:image:height\" content=\"853\" \/>\n\t<meta property=\"og:image:type\" content=\"image\/jpeg\" \/>\n<meta name=\"twitter:card\" content=\"summary_large_image\" \/>\n<meta name=\"twitter:label1\" content=\"Becs\u00fclt olvas\u00e1si id\u0151\" \/>\n\t<meta name=\"twitter:data1\" content=\"1 perc\" \/>\n<script type=\"application\/ld+json\" class=\"yoast-schema-graph\">{\"@context\":\"https:\/\/schema.org\",\"@graph\":[{\"@type\":\"WebPage\",\"@id\":\"https:\/\/villaporcelaine.com\/?page_id=5932\",\"url\":\"https:\/\/villaporcelaine.com\/?page_id=5932\",\"name\":\"Gyakran Ism\u00e9telt K\u00e9rd\u00e9sek - Villa Porcelaine\",\"isPartOf\":{\"@id\":\"https:\/\/villaporcelaine.com\/#website\"},\"primaryImageOfPage\":{\"@id\":\"https:\/\/villaporcelaine.com\/?page_id=5932#primaryimage\"},\"image\":{\"@id\":\"https:\/\/villaporcelaine.com\/?page_id=5932#primaryimage\"},\"thumbnailUrl\":\"https:\/\/villaporcelaine.com\/wp-content\/uploads\/2025\/03\/BT_20250213_VillaPorcelaine_338-HDR.jpg\",\"datePublished\":\"2025-04-09T09:57:25+00:00\",\"dateModified\":\"2025-04-09T09:58:06+00:00\",\"breadcrumb\":{\"@id\":\"https:\/\/villaporcelaine.com\/?page_id=5932#breadcrumb\"},\"inLanguage\":\"hu\",\"potentialAction\":[{\"@type\":\"ReadAction\",\"target\":[\"https:\/\/villaporcelaine.com\/?page_id=5932\"]}]},{\"@type\":\"ImageObject\",\"inLanguage\":\"hu\",\"@id\":\"https:\/\/villaporcelaine.com\/?page_id=5932#primaryimage\",\"url\":\"https:\/\/villaporcelaine.com\/wp-content\/uploads\/2025\/03\/BT_20250213_VillaPorcelaine_338-HDR.jpg\",\"contentUrl\":\"https:\/\/villaporcelaine.com\/wp-content\/uploads\/2025\/03\/BT_20250213_VillaPorcelaine_338-HDR.jpg\",\"width\":1280,\"height\":853},{\"@type\":\"BreadcrumbList\",\"@id\":\"https:\/\/villaporcelaine.com\/?page_id=5932#breadcrumb\",\"itemListElement\":[{\"@type\":\"ListItem\",\"position\":1,\"name\":\"Home\",\"item\":\"https:\/\/villaporcelaine.com\/\"},{\"@type\":\"ListItem\",\"position\":2,\"name\":\"Gyakran Ism\u00e9telt K\u00e9rd\u00e9sek\"}]},{\"@type\":\"WebSite\",\"@id\":\"https:\/\/villaporcelaine.com\/#website\",\"url\":\"https:\/\/villaporcelaine.com\/\",\"name\":\"Villa Porcelaine\",\"description\":\"Sz\u00edvhez sz\u00f3l\u00f3an elb\u0171v\u00f6l\u0151 Villa Keszthelyen\",\"publisher\":{\"@id\":\"https:\/\/villaporcelaine.com\/#organization\"},\"potentialAction\":[{\"@type\":\"SearchAction\",\"target\":{\"@type\":\"EntryPoint\",\"urlTemplate\":\"https:\/\/villaporcelaine.com\/?s={search_term_string}\"},\"query-input\":{\"@type\":\"PropertyValueSpecification\",\"valueRequired\":true,\"valueName\":\"search_term_string\"}}],\"inLanguage\":\"hu\"},{\"@type\":\"Organization\",\"@id\":\"https:\/\/villaporcelaine.com\/#organization\",\"name\":\"Villa Porcelaine\",\"url\":\"https:\/\/villaporcelaine.com\/\",\"logo\":{\"@type\":\"ImageObject\",\"inLanguage\":\"hu\",\"@id\":\"https:\/\/villaporcelaine.com\/#\/schema\/logo\/image\/\",\"url\":\"https:\/\/villaporcelaine.com\/wp-content\/uploads\/2023\/12\/VillalogoWhite.svg\",\"contentUrl\":\"https:\/\/villaporcelaine.com\/wp-content\/uploads\/2023\/12\/VillalogoWhite.svg\",\"width\":202,\"height\":52,\"caption\":\"Villa Porcelaine\"},\"image\":{\"@id\":\"https:\/\/villaporcelaine.com\/#\/schema\/logo\/image\/\"}}]}<\/script>\n<!-- \/ Yoast SEO plugin. -->","yoast_head_json":{"title":"Gyakran Ism\u00e9telt K\u00e9rd\u00e9sek - Villa Porcelaine","robots":{"index":"index","follow":"follow","max-snippet":"max-snippet:-1","max-image-preview":"max-image-preview:large","max-video-preview":"max-video-preview:-1"},"canonical":"https:\/\/villaporcelaine.com\/?page_id=5932","og_locale":"hu_HU","og_type":"article","og_title":"Gyakran Ism\u00e9telt K\u00e9rd\u00e9sek - Villa Porcelaine","og_url":"https:\/\/villaporcelaine.com\/?page_id=5932","og_site_name":"Villa Porcelaine","article_modified_time":"2025-04-09T09:58:06+00:00","og_image":[{"width":1280,"height":853,"url":"https:\/\/villaporcelaine.com\/wp-content\/uploads\/2025\/03\/BT_20250213_VillaPorcelaine_338-HDR.jpg","type":"image\/jpeg"}],"twitter_card":"summary_large_image","twitter_misc":{"Becs\u00fclt olvas\u00e1si id\u0151":"1 perc"},"schema":{"@context":"https:\/\/schema.org","@graph":[{"@type":"WebPage","@id":"https:\/\/villaporcelaine.com\/?page_id=5932","url":"https:\/\/villaporcelaine.com\/?page_id=5932","name":"Gyakran Ism\u00e9telt K\u00e9rd\u00e9sek - Villa Porcelaine","isPartOf":{"@id":"https:\/\/villaporcelaine.com\/#website"},"primaryImageOfPage":{"@id":"https:\/\/villaporcelaine.com\/?page_id=5932#primaryimage"},"image":{"@id":"https:\/\/villaporcelaine.com\/?page_id=5932#primaryimage"},"thumbnailUrl":"https:\/\/villaporcelaine.com\/wp-content\/uploads\/2025\/03\/BT_20250213_VillaPorcelaine_338-HDR.jpg","datePublished":"2025-04-09T09:57:25+00:00","dateModified":"2025-04-09T09:58:06+00:00","breadcrumb":{"@id":"https:\/\/villaporcelaine.com\/?page_id=5932#breadcrumb"},"inLanguage":"hu","potentialAction":[{"@type":"ReadAction","target":["https:\/\/villaporcelaine.com\/?page_id=5932"]}]},{"@type":"ImageObject","inLanguage":"hu","@id":"https:\/\/villaporcelaine.com\/?page_id=5932#primaryimage","url":"https:\/\/villaporcelaine.com\/wp-content\/uploads\/2025\/03\/BT_20250213_VillaPorcelaine_338-HDR.jpg","contentUrl":"https:\/\/villaporcelaine.com\/wp-content\/uploads\/2025\/03\/BT_20250213_VillaPorcelaine_338-HDR.jpg","width":1280,"height":853},{"@type":"BreadcrumbList","@id":"https:\/\/villaporcelaine.com\/?page_id=5932#breadcrumb","itemListElement":[{"@type":"ListItem","position":1,"name":"Home","item":"https:\/\/villaporcelaine.com\/"},{"@type":"ListItem","position":2,"name":"Gyakran Ism\u00e9telt K\u00e9rd\u00e9sek"}]},{"@type":"WebSite","@id":"https:\/\/villaporcelaine.com\/#website","url":"https:\/\/villaporcelaine.com\/","name":"Villa Porcelaine","description":"Sz\u00edvhez sz\u00f3l\u00f3an elb\u0171v\u00f6l\u0151 Villa Keszthelyen","publisher":{"@id":"https:\/\/villaporcelaine.com\/#organization"},"potentialAction":[{"@type":"SearchAction","target":{"@type":"EntryPoint","urlTemplate":"https:\/\/villaporcelaine.com\/?s={search_term_string}"},"query-input":{"@type":"PropertyValueSpecification","valueRequired":true,"valueName":"search_term_string"}}],"inLanguage":"hu"},{"@type":"Organization","@id":"https:\/\/villaporcelaine.com\/#organization","name":"Villa Porcelaine","url":"https:\/\/villaporcelaine.com\/","logo":{"@type":"ImageObject","inLanguage":"hu","@id":"https:\/\/villaporcelaine.com\/#\/schema\/logo\/image\/","url":"https:\/\/villaporcelaine.com\/wp-content\/uploads\/2023\/12\/VillalogoWhite.svg","contentUrl":"https:\/\/villaporcelaine.com\/wp-content\/uploads\/2023\/12\/VillalogoWhite.svg","width":202,"height":52,"caption":"Villa Porcelaine"},"image":{"@id":"https:\/\/villaporcelaine.com\/#\/schema\/logo\/image\/"}}]}},"jetpack_sharing_enabled":true,"_links":{"self":[{"href":"https:\/\/villaporcelaine.com\/index.php?rest_route=\/wp\/v2\/pages\/5932","targetHints":{"allow":["GET"]}}],"collection":[{"href":"https:\/\/villaporcelaine.com\/index.php?rest_route=\/wp\/v2\/pages"}],"about":[{"href":"https:\/\/villaporcelaine.com\/index.php?rest_route=\/wp\/v2\/types\/page"}],"author":[{"embeddable":true,"href":"https:\/\/villaporcelaine.com\/index.php?rest_route=\/wp\/v2\/users\/4"}],"replies":[{"embeddable":true,"href":"https:\/\/villaporcelaine.com\/index.php?rest_route=%2Fwp%2Fv2%2Fcomments&post=5932"}],"version-history":[{"count":1,"href":"https:\/\/villaporcelaine.com\/index.php?rest_route=\/wp\/v2\/pages\/5932\/revisions"}],"predecessor-version":[{"id":5933,"href":"https:\/\/villaporcelaine.com\/index.php?rest_route=\/wp\/v2\/pages\/5932\/revisions\/5933"}],"wp:featuredmedia":[{"embeddable":true,"href":"https:\/\/villaporcelaine.com\/index.php?rest_route=\/wp\/v2\/media\/5525"}],"wp:attachment":[{"href":"https:\/\/villaporcelaine.com\/index.php?rest_route=%2Fwp%2Fv2%2Fmedia&parent=5932"}],"curies":[{"name":"wp","href":"https:\/\/api.w.org\/{rel}","templated":true}]}}