{"id":5355,"date":"2024-12-06T08:48:24","date_gmt":"2024-12-06T08:48:24","guid":{"rendered":"https:\/\/villaporcelaine.com\/?page_id=5355"},"modified":"2024-12-06T08:49:20","modified_gmt":"2024-12-06T08:49:20","slug":"hochzeiten","status":"publish","type":"page","link":"https:\/\/villaporcelaine.com\/?page_id=5355","title":{"rendered":"Hochzeiten"},"content":{"rendered":"\t\t<div data-elementor-type=\"wp-page\" data-elementor-id=\"5355\" class=\"elementor elementor-5355\">\n\t\t\t\t\t\t<section class=\"elementor-section elementor-top-section elementor-element elementor-element-6e1c050c elementor-section-height-min-height cs-section-content-fullwidth cs-parallax-on-scroll cs_scroll_y_80 elementor-section-boxed elementor-section-height-default elementor-section-items-middle\" data-id=\"6e1c050c\" data-element_type=\"section\" data-settings=\"{&quot;background_background&quot;:&quot;classic&quot;}\" data-cs-parallax-y=\"80\" style=\"background-image: none;\" data-cs-background-image=\"https:\/\/villaporcelaine.com\/wp-content\/uploads\/2024\/01\/IMG_8385.jpg\">\n\t\t\t\t\t\t\t<div class=\"elementor-background-overlay\"><\/div>\n\t\t\t\t\t\t\t<div class=\"elementor-container elementor-column-gap-no\">\n\t\t\t\t\t<div class=\"elementor-column elementor-col-100 elementor-top-column elementor-element elementor-element-a3b7434 dark-color\" data-id=\"a3b7434\" data-element_type=\"column\">\n\t\t\t<div class=\"elementor-widget-wrap elementor-element-populated\">\n\t\t\t\t\t\t<div class=\"elementor-element elementor-element-fc08beb elementor-widget elementor-widget-cs_title\" data-id=\"fc08beb\" data-element_type=\"widget\" data-widget_type=\"cs_title.default\">\n\t\t\t\t<div class=\"elementor-widget-container\">\n\t\t\t\t\t\n        <div class=\"cs-title-wrap text-center\">\t            <h1 class=\"cs-title\">\n\t                Boutique Hochzeit\t            <\/h1>\t            <div class=\"cs-title-text\">\n\t                <div class=\"flex max-w-full flex-col flex-grow\"><div class=\"min-h-8 text-message flex w-full flex-col items-end gap-2 whitespace-normal break-words text-start [.text-message+&amp;]:mt-5\" dir=\"auto\" data-message-author-role=\"assistant\" data-message-id=\"6c99c761-38b9-4ada-ba52-7f1771a10913\" data-message-model-slug=\"gpt-4o-mini\"><div class=\"flex w-full flex-col gap-1 empty:hidden first:pt-[3px]\"><div class=\"markdown prose w-full break-words dark:prose-invert dark\"><p>Der alte Weltcharme der Villa Porcelaine l\u00e4dt uns dazu ein, der perfekte Ort f\u00fcr eure Boutique-Hochzeit zu sein.<\/p><p>Wir bieten euch die Unterkunft, die Hochzeitslocation und helfen euch, dank unserer exzellenten Partnerschaften, auch die besten Dienstleister zu finden.<\/p><p>Kommt zu uns auf einen Besuch und verliebt euch zusammen mit uns in die Villa.<\/p><\/div><\/div><\/div><\/div>\t            <\/div>        <\/div>\t\t\t\t<\/div>\n\t\t\t\t<\/div>\n\t\t\t\t\t<\/div>\n\t\t<\/div>\n\t\t\t\t\t<\/div>\n\t\t<\/section>\n\t\t\t\t<section class=\"elementor-section elementor-top-section elementor-element elementor-element-693ab6ca elementor-section-boxed elementor-section-height-default elementor-section-height-default\" data-id=\"693ab6ca\" data-element_type=\"section\">\n\t\t\t\t\t\t<div class=\"elementor-container elementor-column-gap-no\">\n\t\t\t\t\t<div class=\"elementor-column elementor-col-33 elementor-top-column elementor-element elementor-element-195d3034\" data-id=\"195d3034\" data-element_type=\"column\">\n\t\t\t<div class=\"elementor-widget-wrap elementor-element-populated\">\n\t\t\t\t\t\t<div class=\"elementor-element elementor-element-d91e3f2 elementor-widget__width-initial elementor-absolute e-transform elementor-hidden-tablet elementor-hidden-mobile elementor-invisible elementor-widget elementor-widget-image\" data-id=\"d91e3f2\" data-element_type=\"widget\" data-settings=\"{&quot;_position&quot;:&quot;absolute&quot;,&quot;_animation&quot;:&quot;slideInLeft&quot;,&quot;_transform_rotateZ_effect&quot;:{&quot;unit&quot;:&quot;px&quot;,&quot;size&quot;:-5,&quot;sizes&quot;:[]},&quot;_transform_rotateZ_effect_tablet&quot;:{&quot;unit&quot;:&quot;deg&quot;,&quot;size&quot;:&quot;&quot;,&quot;sizes&quot;:[]},&quot;_transform_rotateZ_effect_mobile&quot;:{&quot;unit&quot;:&quot;deg&quot;,&quot;size&quot;:&quot;&quot;,&quot;sizes&quot;:[]}}\" data-widget_type=\"image.default\">\n\t\t\t\t<div class=\"elementor-widget-container\">\n\t\t\t\t\t\t\t\t\t\t\t\t\t\t\t<img fetchpriority=\"high\" decoding=\"async\" width=\"683\" height=\"1024\" src=\"https:\/\/villaporcelaine.com\/wp-content\/uploads\/2024\/01\/IMG_8388-683x1024.jpg\" class=\"attachment-large size-large wp-image-1975\" alt=\"\" srcset=\"https:\/\/villaporcelaine.com\/wp-content\/uploads\/2024\/01\/IMG_8388-683x1024.jpg 683w, https:\/\/villaporcelaine.com\/wp-content\/uploads\/2024\/01\/IMG_8388-200x300.jpg 200w, https:\/\/villaporcelaine.com\/wp-content\/uploads\/2024\/01\/IMG_8388-768x1152.jpg 768w, https:\/\/villaporcelaine.com\/wp-content\/uploads\/2024\/01\/IMG_8388-1024x1536.jpg 1024w, https:\/\/villaporcelaine.com\/wp-content\/uploads\/2024\/01\/IMG_8388-780x1170.jpg 780w, https:\/\/villaporcelaine.com\/wp-content\/uploads\/2024\/01\/IMG_8388-600x900.jpg 600w, https:\/\/villaporcelaine.com\/wp-content\/uploads\/2024\/01\/IMG_8388-550x825.jpg 550w, https:\/\/villaporcelaine.com\/wp-content\/uploads\/2024\/01\/IMG_8388-370x555.jpg 370w, https:\/\/villaporcelaine.com\/wp-content\/uploads\/2024\/01\/IMG_8388-255x382.jpg 255w, https:\/\/villaporcelaine.com\/wp-content\/uploads\/2024\/01\/IMG_8388-100x150.jpg 100w, https:\/\/villaporcelaine.com\/wp-content\/uploads\/2024\/01\/IMG_8388.jpg 1125w\" sizes=\"(max-width: 683px) 100vw, 683px\" \/>\t\t\t\t\t\t\t\t\t\t\t\t\t\t\t<\/div>\n\t\t\t\t<\/div>\n\t\t\t\t\t<\/div>\n\t\t<\/div>\n\t\t\t\t<div class=\"elementor-column elementor-col-33 elementor-top-column elementor-element elementor-element-441b824f\" data-id=\"441b824f\" data-element_type=\"column\">\n\t\t\t<div class=\"elementor-widget-wrap elementor-element-populated\">\n\t\t\t\t\t\t<div class=\"elementor-element elementor-element-ccecca9 elementor-widget__width-initial elementor-absolute e-transform elementor-hidden-tablet elementor-hidden-mobile elementor-invisible elementor-widget elementor-widget-image\" data-id=\"ccecca9\" data-element_type=\"widget\" data-settings=\"{&quot;_position&quot;:&quot;absolute&quot;,&quot;_animation&quot;:&quot;slideInUp&quot;,&quot;_animation_delay&quot;:300,&quot;_transform_rotateZ_effect&quot;:{&quot;unit&quot;:&quot;px&quot;,&quot;size&quot;:-5,&quot;sizes&quot;:[]},&quot;_transform_rotateZ_effect_tablet&quot;:{&quot;unit&quot;:&quot;deg&quot;,&quot;size&quot;:&quot;&quot;,&quot;sizes&quot;:[]},&quot;_transform_rotateZ_effect_mobile&quot;:{&quot;unit&quot;:&quot;deg&quot;,&quot;size&quot;:&quot;&quot;,&quot;sizes&quot;:[]}}\" data-widget_type=\"image.default\">\n\t\t\t\t<div class=\"elementor-widget-container\">\n\t\t\t\t\t\t\t\t\t\t\t\t\t\t\t<img decoding=\"async\" width=\"600\" height=\"400\" src=\"https:\/\/villaporcelaine.com\/wp-content\/uploads\/2024\/01\/IMG_8387-600x400.jpg\" class=\"attachment-cozystay_600x9999 size-cozystay_600x9999 wp-image-1974\" alt=\"\" srcset=\"https:\/\/villaporcelaine.com\/wp-content\/uploads\/2024\/01\/IMG_8387-600x400.jpg 600w, https:\/\/villaporcelaine.com\/wp-content\/uploads\/2024\/01\/IMG_8387-300x200.jpg 300w, https:\/\/villaporcelaine.com\/wp-content\/uploads\/2024\/01\/IMG_8387-1024x683.jpg 1024w, https:\/\/villaporcelaine.com\/wp-content\/uploads\/2024\/01\/IMG_8387-768x512.jpg 768w, https:\/\/villaporcelaine.com\/wp-content\/uploads\/2024\/01\/IMG_8387-780x520.jpg 780w, https:\/\/villaporcelaine.com\/wp-content\/uploads\/2024\/01\/IMG_8387-550x367.jpg 550w, https:\/\/villaporcelaine.com\/wp-content\/uploads\/2024\/01\/IMG_8387-370x247.jpg 370w, https:\/\/villaporcelaine.com\/wp-content\/uploads\/2024\/01\/IMG_8387-255x170.jpg 255w, https:\/\/villaporcelaine.com\/wp-content\/uploads\/2024\/01\/IMG_8387-150x100.jpg 150w, https:\/\/villaporcelaine.com\/wp-content\/uploads\/2024\/01\/IMG_8387.jpg 1125w\" sizes=\"(max-width: 600px) 100vw, 600px\" \/>\t\t\t\t\t\t\t\t\t\t\t\t\t\t\t<\/div>\n\t\t\t\t<\/div>\n\t\t\t\t\t<\/div>\n\t\t<\/div>\n\t\t\t\t<div class=\"elementor-column elementor-col-33 elementor-top-column elementor-element elementor-element-703a7dfc\" data-id=\"703a7dfc\" data-element_type=\"column\">\n\t\t\t<div class=\"elementor-widget-wrap elementor-element-populated\">\n\t\t\t\t\t\t<div class=\"elementor-element elementor-element-114330b elementor-widget__width-initial elementor-absolute e-transform elementor-hidden-tablet elementor-hidden-mobile elementor-invisible elementor-widget elementor-widget-image\" data-id=\"114330b\" data-element_type=\"widget\" data-settings=\"{&quot;_position&quot;:&quot;absolute&quot;,&quot;_animation&quot;:&quot;slideInRight&quot;,&quot;_transform_rotateZ_effect&quot;:{&quot;unit&quot;:&quot;px&quot;,&quot;size&quot;:9,&quot;sizes&quot;:[]},&quot;_transform_rotateZ_effect_tablet&quot;:{&quot;unit&quot;:&quot;deg&quot;,&quot;size&quot;:&quot;&quot;,&quot;sizes&quot;:[]},&quot;_transform_rotateZ_effect_mobile&quot;:{&quot;unit&quot;:&quot;deg&quot;,&quot;size&quot;:&quot;&quot;,&quot;sizes&quot;:[]}}\" data-widget_type=\"image.default\">\n\t\t\t\t<div class=\"elementor-widget-container\">\n\t\t\t\t\t\t\t\t\t\t\t\t\t\t\t<img decoding=\"async\" width=\"683\" height=\"1024\" src=\"https:\/\/villaporcelaine.com\/wp-content\/uploads\/2024\/01\/IMG_8386-683x1024.jpg\" class=\"attachment-large size-large wp-image-1973\" alt=\"\" srcset=\"https:\/\/villaporcelaine.com\/wp-content\/uploads\/2024\/01\/IMG_8386-683x1024.jpg 683w, https:\/\/villaporcelaine.com\/wp-content\/uploads\/2024\/01\/IMG_8386-200x300.jpg 200w, https:\/\/villaporcelaine.com\/wp-content\/uploads\/2024\/01\/IMG_8386-768x1152.jpg 768w, https:\/\/villaporcelaine.com\/wp-content\/uploads\/2024\/01\/IMG_8386-1024x1536.jpg 1024w, https:\/\/villaporcelaine.com\/wp-content\/uploads\/2024\/01\/IMG_8386-780x1170.jpg 780w, https:\/\/villaporcelaine.com\/wp-content\/uploads\/2024\/01\/IMG_8386-600x900.jpg 600w, https:\/\/villaporcelaine.com\/wp-content\/uploads\/2024\/01\/IMG_8386-550x825.jpg 550w, https:\/\/villaporcelaine.com\/wp-content\/uploads\/2024\/01\/IMG_8386-370x555.jpg 370w, https:\/\/villaporcelaine.com\/wp-content\/uploads\/2024\/01\/IMG_8386-255x382.jpg 255w, https:\/\/villaporcelaine.com\/wp-content\/uploads\/2024\/01\/IMG_8386-100x150.jpg 100w, https:\/\/villaporcelaine.com\/wp-content\/uploads\/2024\/01\/IMG_8386.jpg 1125w\" sizes=\"(max-width: 683px) 100vw, 683px\" \/>\t\t\t\t\t\t\t\t\t\t\t\t\t\t\t<\/div>\n\t\t\t\t<\/div>\n\t\t\t\t\t<\/div>\n\t\t<\/div>\n\t\t\t\t\t<\/div>\n\t\t<\/section>\n\t\t\t\t<\/div>\n\t\t","protected":false},"excerpt":{"rendered":"<p>Boutique Hochzeit Der alte Weltcharme der Villa Porcelaine l\u00e4dt uns dazu ein, der perfekte Ort f\u00fcr eure Boutique-Hochzeit zu sein. Wir bieten euch die Unterkunft, die Hochzeitslocation und helfen euch, dank unserer exzellenten Partnerschaften, auch die besten Dienstleister zu finden. Kommt zu uns auf einen Besuch und verliebt euch zusammen mit uns in die Villa.<\/p>\n","protected":false},"author":1,"featured_media":0,"parent":0,"menu_order":0,"comment_status":"closed","ping_status":"closed","template":"template-wide-content.php","meta":{"_monsterinsights_skip_tracking":false,"_monsterinsights_sitenote_active":false,"_monsterinsights_sitenote_note":"","_monsterinsights_sitenote_category":0,"cozystay_single_page_hide_site_header":"","cozystay_single_page_site_header_source":"","cozystay_single_page_custom_site_header":"","cozystay_single_page_custom_sticky_site_header":"","cozystay_single_page_hide_page_title":"on","cozystay_single_page_header_section_size":"","cozystay_single_page_header_background_color":"","cozystay_single_page_header_background_position_x":"center","cozystay_single_page_header_background_position_y":"center","cozystay_single_page_header_background_size":"cover","cozystay_single_page_header_background_repeat":"off","cozystay_single_page_header_background_scroll":"on","cozystay_single_page_header_text_color":"","cozystay_single_page_header_show_breadcrumb":"","cozystay_single_page_site_footer_hide_main":"","cozystay_single_custom_site_footer_main_source":"","cozystay_single_custom_site_footer_main":"","cozystay_single_page_site_footer_hide_above":"","cozystay_single_custom_site_footer_above_source":"","cozystay_single_custom_site_footer_above":"","cozystay_single_page_site_footer_hide_instagram":"","cozystay_single_page_site_footer_hide_bottom":"","cozystay_single_custom_mobile_menu_source":"","cozystay_single_custom_mobile_menu":"","cozystay_single_custom_mobile_menu_animation":"","cozystay_single_custom_mobile_menu_width":"","cozystay_single_custom_mobile_menu_custom_width":375,"footnotes":""},"class_list":["post-5355","page","type-page","status-publish","hentry"],"yoast_head":"<!-- This site is optimized with the Yoast SEO plugin v24.5 - https:\/\/yoast.com\/wordpress\/plugins\/seo\/ -->\n<title>Hochzeiten - Villa Porcelaine<\/title>\n<meta name=\"robots\" content=\"index, follow, max-snippet:-1, max-image-preview:large, max-video-preview:-1\" \/>\n<link rel=\"canonical\" href=\"https:\/\/villaporcelaine.com\/?page_id=5355\" \/>\n<meta property=\"og:locale\" content=\"hu_HU\" \/>\n<meta property=\"og:type\" content=\"article\" \/>\n<meta property=\"og:title\" content=\"Hochzeiten - Villa Porcelaine\" \/>\n<meta property=\"og:description\" content=\"Boutique Hochzeit Der alte Weltcharme der Villa Porcelaine l\u00e4dt uns dazu ein, der perfekte Ort f\u00fcr eure Boutique-Hochzeit zu sein. Wir bieten euch die Unterkunft, die Hochzeitslocation und helfen euch, dank unserer exzellenten Partnerschaften, auch die besten Dienstleister zu finden. Kommt zu uns auf einen Besuch und verliebt euch zusammen mit uns in die Villa.\" \/>\n<meta property=\"og:url\" content=\"https:\/\/villaporcelaine.com\/?page_id=5355\" \/>\n<meta property=\"og:site_name\" content=\"Villa Porcelaine\" \/>\n<meta property=\"article:modified_time\" content=\"2024-12-06T08:49:20+00:00\" \/>\n<meta property=\"og:image\" content=\"https:\/\/villaporcelaine.com\/wp-content\/uploads\/2024\/01\/IMG_8388.jpg\" \/>\n\t<meta property=\"og:image:width\" content=\"1125\" \/>\n\t<meta property=\"og:image:height\" content=\"1687\" \/>\n\t<meta property=\"og:image:type\" content=\"image\/jpeg\" \/>\n<meta name=\"twitter:card\" content=\"summary_large_image\" \/>\n<meta name=\"twitter:label1\" content=\"Becs\u00fclt olvas\u00e1si id\u0151\" \/>\n\t<meta name=\"twitter:data1\" content=\"1 perc\" \/>\n<script type=\"application\/ld+json\" class=\"yoast-schema-graph\">{\"@context\":\"https:\/\/schema.org\",\"@graph\":[{\"@type\":\"WebPage\",\"@id\":\"https:\/\/villaporcelaine.com\/?page_id=5355\",\"url\":\"https:\/\/villaporcelaine.com\/?page_id=5355\",\"name\":\"Hochzeiten - Villa Porcelaine\",\"isPartOf\":{\"@id\":\"https:\/\/villaporcelaine.com\/#website\"},\"primaryImageOfPage\":{\"@id\":\"https:\/\/villaporcelaine.com\/?page_id=5355#primaryimage\"},\"image\":{\"@id\":\"https:\/\/villaporcelaine.com\/?page_id=5355#primaryimage\"},\"thumbnailUrl\":\"https:\/\/villaporcelaine.com\/wp-content\/uploads\/2024\/01\/IMG_8388-683x1024.jpg\",\"datePublished\":\"2024-12-06T08:48:24+00:00\",\"dateModified\":\"2024-12-06T08:49:20+00:00\",\"breadcrumb\":{\"@id\":\"https:\/\/villaporcelaine.com\/?page_id=5355#breadcrumb\"},\"inLanguage\":\"hu\",\"potentialAction\":[{\"@type\":\"ReadAction\",\"target\":[\"https:\/\/villaporcelaine.com\/?page_id=5355\"]}]},{\"@type\":\"ImageObject\",\"inLanguage\":\"hu\",\"@id\":\"https:\/\/villaporcelaine.com\/?page_id=5355#primaryimage\",\"url\":\"https:\/\/villaporcelaine.com\/wp-content\/uploads\/2024\/01\/IMG_8388.jpg\",\"contentUrl\":\"https:\/\/villaporcelaine.com\/wp-content\/uploads\/2024\/01\/IMG_8388.jpg\",\"width\":1125,\"height\":1687},{\"@type\":\"BreadcrumbList\",\"@id\":\"https:\/\/villaporcelaine.com\/?page_id=5355#breadcrumb\",\"itemListElement\":[{\"@type\":\"ListItem\",\"position\":1,\"name\":\"Home\",\"item\":\"https:\/\/villaporcelaine.com\/\"},{\"@type\":\"ListItem\",\"position\":2,\"name\":\"Hochzeiten\"}]},{\"@type\":\"WebSite\",\"@id\":\"https:\/\/villaporcelaine.com\/#website\",\"url\":\"https:\/\/villaporcelaine.com\/\",\"name\":\"Villa Porcelaine\",\"description\":\"Sz\u00edvhez sz\u00f3l\u00f3an elb\u0171v\u00f6l\u0151 Villa Keszthelyen\",\"publisher\":{\"@id\":\"https:\/\/villaporcelaine.com\/#organization\"},\"potentialAction\":[{\"@type\":\"SearchAction\",\"target\":{\"@type\":\"EntryPoint\",\"urlTemplate\":\"https:\/\/villaporcelaine.com\/?s={search_term_string}\"},\"query-input\":{\"@type\":\"PropertyValueSpecification\",\"valueRequired\":true,\"valueName\":\"search_term_string\"}}],\"inLanguage\":\"hu\"},{\"@type\":\"Organization\",\"@id\":\"https:\/\/villaporcelaine.com\/#organization\",\"name\":\"Villa Porcelaine\",\"url\":\"https:\/\/villaporcelaine.com\/\",\"logo\":{\"@type\":\"ImageObject\",\"inLanguage\":\"hu\",\"@id\":\"https:\/\/villaporcelaine.com\/#\/schema\/logo\/image\/\",\"url\":\"https:\/\/villaporcelaine.com\/wp-content\/uploads\/2023\/12\/VillalogoWhite.svg\",\"contentUrl\":\"https:\/\/villaporcelaine.com\/wp-content\/uploads\/2023\/12\/VillalogoWhite.svg\",\"width\":202,\"height\":52,\"caption\":\"Villa Porcelaine\"},\"image\":{\"@id\":\"https:\/\/villaporcelaine.com\/#\/schema\/logo\/image\/\"}}]}<\/script>\n<!-- \/ Yoast SEO plugin. -->","yoast_head_json":{"title":"Hochzeiten - Villa Porcelaine","robots":{"index":"index","follow":"follow","max-snippet":"max-snippet:-1","max-image-preview":"max-image-preview:large","max-video-preview":"max-video-preview:-1"},"canonical":"https:\/\/villaporcelaine.com\/?page_id=5355","og_locale":"hu_HU","og_type":"article","og_title":"Hochzeiten - Villa Porcelaine","og_description":"Boutique Hochzeit Der alte Weltcharme der Villa Porcelaine l\u00e4dt uns dazu ein, der perfekte Ort f\u00fcr eure Boutique-Hochzeit zu sein. Wir bieten euch die Unterkunft, die Hochzeitslocation und helfen euch, dank unserer exzellenten Partnerschaften, auch die besten Dienstleister zu finden. Kommt zu uns auf einen Besuch und verliebt euch zusammen mit uns in die Villa.","og_url":"https:\/\/villaporcelaine.com\/?page_id=5355","og_site_name":"Villa Porcelaine","article_modified_time":"2024-12-06T08:49:20+00:00","og_image":[{"width":1125,"height":1687,"url":"https:\/\/villaporcelaine.com\/wp-content\/uploads\/2024\/01\/IMG_8388.jpg","type":"image\/jpeg"}],"twitter_card":"summary_large_image","twitter_misc":{"Becs\u00fclt olvas\u00e1si id\u0151":"1 perc"},"schema":{"@context":"https:\/\/schema.org","@graph":[{"@type":"WebPage","@id":"https:\/\/villaporcelaine.com\/?page_id=5355","url":"https:\/\/villaporcelaine.com\/?page_id=5355","name":"Hochzeiten - Villa Porcelaine","isPartOf":{"@id":"https:\/\/villaporcelaine.com\/#website"},"primaryImageOfPage":{"@id":"https:\/\/villaporcelaine.com\/?page_id=5355#primaryimage"},"image":{"@id":"https:\/\/villaporcelaine.com\/?page_id=5355#primaryimage"},"thumbnailUrl":"https:\/\/villaporcelaine.com\/wp-content\/uploads\/2024\/01\/IMG_8388-683x1024.jpg","datePublished":"2024-12-06T08:48:24+00:00","dateModified":"2024-12-06T08:49:20+00:00","breadcrumb":{"@id":"https:\/\/villaporcelaine.com\/?page_id=5355#breadcrumb"},"inLanguage":"hu","potentialAction":[{"@type":"ReadAction","target":["https:\/\/villaporcelaine.com\/?page_id=5355"]}]},{"@type":"ImageObject","inLanguage":"hu","@id":"https:\/\/villaporcelaine.com\/?page_id=5355#primaryimage","url":"https:\/\/villaporcelaine.com\/wp-content\/uploads\/2024\/01\/IMG_8388.jpg","contentUrl":"https:\/\/villaporcelaine.com\/wp-content\/uploads\/2024\/01\/IMG_8388.jpg","width":1125,"height":1687},{"@type":"BreadcrumbList","@id":"https:\/\/villaporcelaine.com\/?page_id=5355#breadcrumb","itemListElement":[{"@type":"ListItem","position":1,"name":"Home","item":"https:\/\/villaporcelaine.com\/"},{"@type":"ListItem","position":2,"name":"Hochzeiten"}]},{"@type":"WebSite","@id":"https:\/\/villaporcelaine.com\/#website","url":"https:\/\/villaporcelaine.com\/","name":"Villa Porcelaine","description":"Sz\u00edvhez sz\u00f3l\u00f3an elb\u0171v\u00f6l\u0151 Villa Keszthelyen","publisher":{"@id":"https:\/\/villaporcelaine.com\/#organization"},"potentialAction":[{"@type":"SearchAction","target":{"@type":"EntryPoint","urlTemplate":"https:\/\/villaporcelaine.com\/?s={search_term_string}"},"query-input":{"@type":"PropertyValueSpecification","valueRequired":true,"valueName":"search_term_string"}}],"inLanguage":"hu"},{"@type":"Organization","@id":"https:\/\/villaporcelaine.com\/#organization","name":"Villa Porcelaine","url":"https:\/\/villaporcelaine.com\/","logo":{"@type":"ImageObject","inLanguage":"hu","@id":"https:\/\/villaporcelaine.com\/#\/schema\/logo\/image\/","url":"https:\/\/villaporcelaine.com\/wp-content\/uploads\/2023\/12\/VillalogoWhite.svg","contentUrl":"https:\/\/villaporcelaine.com\/wp-content\/uploads\/2023\/12\/VillalogoWhite.svg","width":202,"height":52,"caption":"Villa Porcelaine"},"image":{"@id":"https:\/\/villaporcelaine.com\/#\/schema\/logo\/image\/"}}]}},"jetpack_sharing_enabled":true,"_links":{"self":[{"href":"https:\/\/villaporcelaine.com\/index.php?rest_route=\/wp\/v2\/pages\/5355","targetHints":{"allow":["GET"]}}],"collection":[{"href":"https:\/\/villaporcelaine.com\/index.php?rest_route=\/wp\/v2\/pages"}],"about":[{"href":"https:\/\/villaporcelaine.com\/index.php?rest_route=\/wp\/v2\/types\/page"}],"author":[{"embeddable":true,"href":"https:\/\/villaporcelaine.com\/index.php?rest_route=\/wp\/v2\/users\/1"}],"replies":[{"embeddable":true,"href":"https:\/\/villaporcelaine.com\/index.php?rest_route=%2Fwp%2Fv2%2Fcomments&post=5355"}],"version-history":[{"count":4,"href":"https:\/\/villaporcelaine.com\/index.php?rest_route=\/wp\/v2\/pages\/5355\/revisions"}],"predecessor-version":[{"id":5359,"href":"https:\/\/villaporcelaine.com\/index.php?rest_route=\/wp\/v2\/pages\/5355\/revisions\/5359"}],"wp:attachment":[{"href":"https:\/\/villaporcelaine.com\/index.php?rest_route=%2Fwp%2Fv2%2Fmedia&parent=5355"}],"curies":[{"name":"wp","href":"https:\/\/api.w.org\/{rel}","templated":true}]}}