{"id":271,"date":"2023-03-28T04:41:51","date_gmt":"2023-03-28T04:41:51","guid":{"rendered":"https:\/\/cozystay.loftocean.com\/apartment\/?page_id=271"},"modified":"2025-03-25T10:58:00","modified_gmt":"2025-03-25T10:58:00","slug":"eskuvoi-helyszin-szallassal","status":"publish","type":"page","link":"https:\/\/villaporcelaine.com\/?page_id=271","title":{"rendered":"Esk\u00fcv\u0151k"},"content":{"rendered":"\t\t<div data-elementor-type=\"wp-page\" data-elementor-id=\"271\" class=\"elementor elementor-271\">\n\t\t\t\t\t\t<section class=\"elementor-section elementor-top-section elementor-element elementor-element-6e1c050c elementor-section-height-min-height cs-section-content-fullwidth cs-parallax-on-scroll cs_scroll_y_80 elementor-section-boxed elementor-section-height-default elementor-section-items-middle\" data-id=\"6e1c050c\" data-element_type=\"section\" data-settings=\"{&quot;background_background&quot;:&quot;classic&quot;}\" data-cs-parallax-y=\"80\" style=\"background-image: none;\" data-cs-background-image=\"https:\/\/villaporcelaine.com\/wp-content\/uploads\/2025\/03\/DSC04538-scaled.jpg\">\n\t\t\t\t\t\t\t<div class=\"elementor-background-overlay\"><\/div>\n\t\t\t\t\t\t\t<div class=\"elementor-container elementor-column-gap-no\">\n\t\t\t\t\t<div class=\"elementor-column elementor-col-100 elementor-top-column elementor-element elementor-element-a3b7434 dark-color\" data-id=\"a3b7434\" data-element_type=\"column\">\n\t\t\t<div class=\"elementor-widget-wrap elementor-element-populated\">\n\t\t\t\t\t\t<div class=\"elementor-element elementor-element-fc08beb elementor-widget elementor-widget-cs_title\" data-id=\"fc08beb\" data-element_type=\"widget\" data-widget_type=\"cs_title.default\">\n\t\t\t\t<div class=\"elementor-widget-container\">\n\t\t\t\t\t\n        <div class=\"cs-title-wrap text-center\">\t            <h1 class=\"cs-title\">\n\t                Esk\u00fcv\u0151i helysz\u00edn sz\u00e1ll\u00e1ssal\t            <\/h1>\t            <div class=\"cs-title-text\">\n\t                <p class=\"p1\">A h\u00e1zass\u00e1gk\u00f6t\u0151 terem 5 percre van a Vill\u00e1t\u00f3l, de a szertart\u00e1st tarthatj\u00e1tok a rendezv\u00e9nyterm\u00fcnkben is. Vagy ak\u00e1r az \u00e1rnyas kertben, ahol kinti konyha a vend\u00e9gl\u00e1t\u00e1sban is seg\u00edts\u00e9getekre lesz. Mi ny\u00fajtjuk nektek a sz\u00e1ll\u00e1st is \u00e9s seg\u00edt\u00fcnk esk\u00fcv\u0151i szolg\u00e1ltat\u00f3kat tal\u00e1lni kiv\u00e1l\u00f3 partneri kapcsolataink r\u00e9v\u00e9n.<\/p>\t            <\/div>        <\/div>\t\t\t\t<\/div>\n\t\t\t\t<\/div>\n\t\t\t\t\t<\/div>\n\t\t<\/div>\n\t\t\t\t\t<\/div>\n\t\t<\/section>\n\t\t\t\t<section class=\"elementor-section elementor-top-section elementor-element elementor-element-693ab6ca elementor-section-boxed elementor-section-height-default elementor-section-height-default\" data-id=\"693ab6ca\" data-element_type=\"section\">\n\t\t\t\t\t\t<div class=\"elementor-container elementor-column-gap-no\">\n\t\t\t\t\t<div class=\"elementor-column elementor-col-33 elementor-top-column elementor-element elementor-element-195d3034\" data-id=\"195d3034\" data-element_type=\"column\">\n\t\t\t<div class=\"elementor-widget-wrap elementor-element-populated\">\n\t\t\t\t\t\t<div class=\"elementor-element elementor-element-d91e3f2 elementor-widget__width-initial elementor-absolute e-transform elementor-hidden-tablet elementor-hidden-mobile elementor-invisible elementor-widget elementor-widget-image\" data-id=\"d91e3f2\" data-element_type=\"widget\" data-settings=\"{&quot;_position&quot;:&quot;absolute&quot;,&quot;_animation&quot;:&quot;slideInLeft&quot;,&quot;_transform_rotateZ_effect&quot;:{&quot;unit&quot;:&quot;px&quot;,&quot;size&quot;:-5,&quot;sizes&quot;:[]},&quot;_transform_rotateZ_effect_tablet&quot;:{&quot;unit&quot;:&quot;deg&quot;,&quot;size&quot;:&quot;&quot;,&quot;sizes&quot;:[]},&quot;_transform_rotateZ_effect_mobile&quot;:{&quot;unit&quot;:&quot;deg&quot;,&quot;size&quot;:&quot;&quot;,&quot;sizes&quot;:[]}}\" data-widget_type=\"image.default\">\n\t\t\t\t<div class=\"elementor-widget-container\">\n\t\t\t\t\t\t\t\t\t\t\t\t\t\t\t<img fetchpriority=\"high\" decoding=\"async\" width=\"773\" height=\"1024\" src=\"https:\/\/villaporcelaine.com\/wp-content\/uploads\/2025\/03\/DSC04134-773x1024.jpg\" class=\"attachment-large size-large wp-image-5653\" alt=\"\" srcset=\"https:\/\/villaporcelaine.com\/wp-content\/uploads\/2025\/03\/DSC04134-773x1024.jpg 773w, https:\/\/villaporcelaine.com\/wp-content\/uploads\/2025\/03\/DSC04134-226x300.jpg 226w, https:\/\/villaporcelaine.com\/wp-content\/uploads\/2025\/03\/DSC04134-768x1018.jpg 768w, https:\/\/villaporcelaine.com\/wp-content\/uploads\/2025\/03\/DSC04134-1159x1536.jpg 1159w, https:\/\/villaporcelaine.com\/wp-content\/uploads\/2025\/03\/DSC04134-1545x2048.jpg 1545w, https:\/\/villaporcelaine.com\/wp-content\/uploads\/2025\/03\/DSC04134-1920x2544.jpg 1920w, https:\/\/villaporcelaine.com\/wp-content\/uploads\/2025\/03\/DSC04134-1440x1908.jpg 1440w, https:\/\/villaporcelaine.com\/wp-content\/uploads\/2025\/03\/DSC04134-1200x1590.jpg 1200w, https:\/\/villaporcelaine.com\/wp-content\/uploads\/2025\/03\/DSC04134-780x1034.jpg 780w, https:\/\/villaporcelaine.com\/wp-content\/uploads\/2025\/03\/DSC04134-600x795.jpg 600w, https:\/\/villaporcelaine.com\/wp-content\/uploads\/2025\/03\/DSC04134-550x729.jpg 550w, https:\/\/villaporcelaine.com\/wp-content\/uploads\/2025\/03\/DSC04134-370x490.jpg 370w, https:\/\/villaporcelaine.com\/wp-content\/uploads\/2025\/03\/DSC04134-255x338.jpg 255w, https:\/\/villaporcelaine.com\/wp-content\/uploads\/2025\/03\/DSC04134-113x150.jpg 113w, https:\/\/villaporcelaine.com\/wp-content\/uploads\/2025\/03\/DSC04134-scaled.jpg 1932w\" sizes=\"(max-width: 773px) 100vw, 773px\" \/>\t\t\t\t\t\t\t\t\t\t\t\t\t\t\t<\/div>\n\t\t\t\t<\/div>\n\t\t\t\t\t<\/div>\n\t\t<\/div>\n\t\t\t\t<div class=\"elementor-column elementor-col-33 elementor-top-column elementor-element elementor-element-441b824f\" data-id=\"441b824f\" data-element_type=\"column\">\n\t\t\t<div class=\"elementor-widget-wrap elementor-element-populated\">\n\t\t\t\t\t\t<div class=\"elementor-element elementor-element-ccecca9 elementor-widget__width-initial elementor-absolute e-transform elementor-hidden-tablet elementor-hidden-mobile elementor-invisible elementor-widget elementor-widget-image\" data-id=\"ccecca9\" data-element_type=\"widget\" data-settings=\"{&quot;_position&quot;:&quot;absolute&quot;,&quot;_animation&quot;:&quot;slideInUp&quot;,&quot;_animation_delay&quot;:300,&quot;_transform_rotateZ_effect&quot;:{&quot;unit&quot;:&quot;px&quot;,&quot;size&quot;:-5,&quot;sizes&quot;:[]},&quot;_transform_rotateZ_effect_tablet&quot;:{&quot;unit&quot;:&quot;deg&quot;,&quot;size&quot;:&quot;&quot;,&quot;sizes&quot;:[]},&quot;_transform_rotateZ_effect_mobile&quot;:{&quot;unit&quot;:&quot;deg&quot;,&quot;size&quot;:&quot;&quot;,&quot;sizes&quot;:[]}}\" data-widget_type=\"image.default\">\n\t\t\t\t<div class=\"elementor-widget-container\">\n\t\t\t\t\t\t\t\t\t\t\t\t\t\t\t<img decoding=\"async\" width=\"600\" height=\"450\" src=\"https:\/\/villaporcelaine.com\/wp-content\/uploads\/2025\/03\/DSC04663-600x450.jpg\" class=\"attachment-cozystay_600x9999 size-cozystay_600x9999 wp-image-5630\" alt=\"\" srcset=\"https:\/\/villaporcelaine.com\/wp-content\/uploads\/2025\/03\/DSC04663-600x450.jpg 600w, https:\/\/villaporcelaine.com\/wp-content\/uploads\/2025\/03\/DSC04663-300x225.jpg 300w, https:\/\/villaporcelaine.com\/wp-content\/uploads\/2025\/03\/DSC04663-1024x769.jpg 1024w, https:\/\/villaporcelaine.com\/wp-content\/uploads\/2025\/03\/DSC04663-768x577.jpg 768w, https:\/\/villaporcelaine.com\/wp-content\/uploads\/2025\/03\/DSC04663-1536x1153.jpg 1536w, https:\/\/villaporcelaine.com\/wp-content\/uploads\/2025\/03\/DSC04663-2048x1537.jpg 2048w, https:\/\/villaporcelaine.com\/wp-content\/uploads\/2025\/03\/DSC04663-1920x1441.jpg 1920w, https:\/\/villaporcelaine.com\/wp-content\/uploads\/2025\/03\/DSC04663-1440x1081.jpg 1440w, https:\/\/villaporcelaine.com\/wp-content\/uploads\/2025\/03\/DSC04663-1200x901.jpg 1200w, https:\/\/villaporcelaine.com\/wp-content\/uploads\/2025\/03\/DSC04663-780x586.jpg 780w, https:\/\/villaporcelaine.com\/wp-content\/uploads\/2025\/03\/DSC04663-550x413.jpg 550w, https:\/\/villaporcelaine.com\/wp-content\/uploads\/2025\/03\/DSC04663-370x278.jpg 370w, https:\/\/villaporcelaine.com\/wp-content\/uploads\/2025\/03\/DSC04663-255x191.jpg 255w, https:\/\/villaporcelaine.com\/wp-content\/uploads\/2025\/03\/DSC04663-150x113.jpg 150w\" sizes=\"(max-width: 600px) 100vw, 600px\" \/>\t\t\t\t\t\t\t\t\t\t\t\t\t\t\t<\/div>\n\t\t\t\t<\/div>\n\t\t\t\t\t<\/div>\n\t\t<\/div>\n\t\t\t\t<div class=\"elementor-column elementor-col-33 elementor-top-column elementor-element elementor-element-703a7dfc\" data-id=\"703a7dfc\" data-element_type=\"column\">\n\t\t\t<div class=\"elementor-widget-wrap elementor-element-populated\">\n\t\t\t\t\t\t<div class=\"elementor-element elementor-element-114330b elementor-widget__width-initial elementor-absolute e-transform elementor-hidden-tablet elementor-hidden-mobile elementor-invisible elementor-widget elementor-widget-image\" data-id=\"114330b\" data-element_type=\"widget\" data-settings=\"{&quot;_position&quot;:&quot;absolute&quot;,&quot;_animation&quot;:&quot;slideInRight&quot;,&quot;_transform_rotateZ_effect&quot;:{&quot;unit&quot;:&quot;px&quot;,&quot;size&quot;:9,&quot;sizes&quot;:[]},&quot;_transform_rotateZ_effect_tablet&quot;:{&quot;unit&quot;:&quot;deg&quot;,&quot;size&quot;:&quot;&quot;,&quot;sizes&quot;:[]},&quot;_transform_rotateZ_effect_mobile&quot;:{&quot;unit&quot;:&quot;deg&quot;,&quot;size&quot;:&quot;&quot;,&quot;sizes&quot;:[]}}\" data-widget_type=\"image.default\">\n\t\t\t\t<div class=\"elementor-widget-container\">\n\t\t\t\t\t\t\t\t\t\t\t\t\t\t\t<img decoding=\"async\" width=\"863\" height=\"1024\" src=\"https:\/\/villaporcelaine.com\/wp-content\/uploads\/2025\/03\/DSC04730-863x1024.jpg\" class=\"attachment-large size-large wp-image-5633\" alt=\"\" srcset=\"https:\/\/villaporcelaine.com\/wp-content\/uploads\/2025\/03\/DSC04730-863x1024.jpg 863w, https:\/\/villaporcelaine.com\/wp-content\/uploads\/2025\/03\/DSC04730-253x300.jpg 253w, https:\/\/villaporcelaine.com\/wp-content\/uploads\/2025\/03\/DSC04730-768x911.jpg 768w, https:\/\/villaporcelaine.com\/wp-content\/uploads\/2025\/03\/DSC04730-1295x1536.jpg 1295w, https:\/\/villaporcelaine.com\/wp-content\/uploads\/2025\/03\/DSC04730-1726x2048.jpg 1726w, https:\/\/villaporcelaine.com\/wp-content\/uploads\/2025\/03\/DSC04730-1920x2278.jpg 1920w, https:\/\/villaporcelaine.com\/wp-content\/uploads\/2025\/03\/DSC04730-1440x1708.jpg 1440w, https:\/\/villaporcelaine.com\/wp-content\/uploads\/2025\/03\/DSC04730-1200x1424.jpg 1200w, https:\/\/villaporcelaine.com\/wp-content\/uploads\/2025\/03\/DSC04730-780x925.jpg 780w, https:\/\/villaporcelaine.com\/wp-content\/uploads\/2025\/03\/DSC04730-600x712.jpg 600w, https:\/\/villaporcelaine.com\/wp-content\/uploads\/2025\/03\/DSC04730-550x652.jpg 550w, https:\/\/villaporcelaine.com\/wp-content\/uploads\/2025\/03\/DSC04730-370x439.jpg 370w, https:\/\/villaporcelaine.com\/wp-content\/uploads\/2025\/03\/DSC04730-255x303.jpg 255w, https:\/\/villaporcelaine.com\/wp-content\/uploads\/2025\/03\/DSC04730-126x150.jpg 126w\" sizes=\"(max-width: 863px) 100vw, 863px\" \/>\t\t\t\t\t\t\t\t\t\t\t\t\t\t\t<\/div>\n\t\t\t\t<\/div>\n\t\t\t\t\t<\/div>\n\t\t<\/div>\n\t\t\t\t\t<\/div>\n\t\t<\/section>\n\t\t<div class=\"elementor-element elementor-element-97ec485 e-flex e-con-boxed e-con e-parent\" data-id=\"97ec485\" data-element_type=\"container\">\n\t\t\t\t\t<div class=\"e-con-inner\">\n\t\t\t\t<div class=\"elementor-element elementor-element-3e645b5 elementor-widget elementor-widget-text-editor\" data-id=\"3e645b5\" data-element_type=\"widget\" data-widget_type=\"text-editor.default\">\n\t\t\t\t<div class=\"elementor-widget-container\">\n\t\t\t\t\t\t\t\t\t<p>\u00a0<\/p><p class=\"p1\">AMIT MI NY\u00daJTUNK<\/p><ul class=\"ul1\"><li>Helysz\u00edn egy 20 f\u0151s esem\u00e9nyhez<\/li><li class=\"li2\">Villa p\u00e9ntekt\u0151l vas\u00e1rnapig, <a href=\"https:\/\/villaporcelaine.com\/?page_id=1032\">k\u00e9t apartman, 13 f\u0151re<\/a><\/li><li class=\"li2\">Teljesk\u00f6r\u0171en felszerelt konyha<\/li><li class=\"li2\">Kerti konyha<\/li><li class=\"li2\">Tetsz\u0151leges szertart\u00e1s- \u00e9s fot\u00f3z\u00e1si helysz\u00ednek<\/li><li class=\"li2\">Wifi<\/li><\/ul><p class=\"p1\">\u00c9S AMIBEN SEG\u00cdTENI TUDUNK<\/p><ul class=\"ul1\"><li class=\"li2\">Teljesk\u00f6r\u0171 esk\u00fcv\u0151szervez\u00e9s<\/li><li class=\"li2\">Catering<\/li><li class=\"li2\">Cerem\u00f3niamester\/V\u0151f\u00e9ly<\/li><li class=\"li2\">Dekor\u00e1ci\u00f3 &amp; vir\u00e1g<\/li><li class=\"li2\">Fodr\u00e1sz<\/li><li class=\"li2\">Sminkes<\/li><li class=\"li2\">Fot\u00f3s<\/li><li class=\"li2\">Vide\u00f3s<\/li><li class=\"li2\">Rendezv\u00e9nyb\u00fator<\/li><li class=\"li2\">Ruha &amp; kieg\u00e9sz\u00edt\u0151<\/li><li class=\"li2\">Szertart\u00e1svezet\u0151<\/li><li class=\"li2\">Torta &amp; desszert<\/li><li>Mindenmentes desszertek<\/li><li class=\"li2\">Transzfer<\/li><li class=\"li2\">Mosodai szolg\u00e1ltat\u00e1s<\/li><\/ul>\t\t\t\t\t\t\t\t<\/div>\n\t\t\t\t<\/div>\n\t\t\t\t<div class=\"elementor-element elementor-element-dfd97c0 elementor-widget elementor-widget-cs_title\" data-id=\"dfd97c0\" data-element_type=\"widget\" data-widget_type=\"cs_title.default\">\n\t\t\t\t<div class=\"elementor-widget-container\">\n\t\t\t\t\t\n        <div class=\"cs-title-wrap text-center\">\t            <h4 class=\"cs-title\">\n\t                Aj\u00e1nlatk\u00e9r\u00e9s\t            <\/h4>\t            <div class=\"cs-title-text\">\n\t                <p>Esk\u00fcv\u0151i csomagaj\u00e1nlatainkr\u00f3l priv\u00e1t \u00fczetben \u00e9rdekl\u0151dhetsz.<\/p>\t            <\/div>                <div class=\"cs-title-btn\">\n                    <a class=\"button elementor-button-link cs-btn-large\" role=\"button\" href=\"https:\/\/villaporcelaine.com\/?page_id=5265\">\n                        <span class=\"cs-btn-text\">Aj\u00e1nlatot k\u00e9rek<\/span>                    <\/a>\n                <\/div>\n                    <\/div>\t\t\t\t<\/div>\n\t\t\t\t<\/div>\n\t\t\t\t\t<\/div>\n\t\t\t\t<\/div>\n\t\t\t\t<\/div>\n\t\t","protected":false},"excerpt":{"rendered":"<p>Esk\u00fcv\u0151i helysz\u00edn sz\u00e1ll\u00e1ssal A h\u00e1zass\u00e1gk\u00f6t\u0151 terem 5 percre van a Vill\u00e1t\u00f3l, de a szertart\u00e1st tarthatj\u00e1tok a rendezv\u00e9nyterm\u00fcnkben is. Vagy ak\u00e1r az \u00e1rnyas kertben, ahol kinti konyha a vend\u00e9gl\u00e1t\u00e1sban is seg\u00edts\u00e9getekre lesz. Mi ny\u00fajtjuk nektek a sz\u00e1ll\u00e1st is \u00e9s seg\u00edt\u00fcnk esk\u00fcv\u0151i szolg\u00e1ltat\u00f3kat tal\u00e1lni kiv\u00e1l\u00f3 partneri kapcsolataink r\u00e9v\u00e9n. \u00a0 AMIT MI NY\u00daJTUNK Helysz\u00edn egy 20 f\u0151s esem\u00e9nyhez &#8230;<\/p>\n","protected":false},"author":1,"featured_media":0,"parent":0,"menu_order":0,"comment_status":"closed","ping_status":"closed","template":"template-wide-content.php","meta":{"_monsterinsights_skip_tracking":false,"_monsterinsights_sitenote_active":false,"_monsterinsights_sitenote_note":"","_monsterinsights_sitenote_category":0,"cozystay_single_page_hide_site_header":"","cozystay_single_page_site_header_source":"","cozystay_single_page_custom_site_header":"0","cozystay_single_page_custom_sticky_site_header":"0","cozystay_single_page_hide_page_title":"on","cozystay_single_page_header_section_size":"","cozystay_single_page_header_background_color":"","cozystay_single_page_header_background_position_x":"center","cozystay_single_page_header_background_position_y":"center","cozystay_single_page_header_background_size":"cover","cozystay_single_page_header_background_repeat":"off","cozystay_single_page_header_background_scroll":"on","cozystay_single_page_header_text_color":"","cozystay_single_page_header_show_breadcrumb":"","cozystay_single_page_site_footer_hide_main":"","cozystay_single_custom_site_footer_main_source":"","cozystay_single_custom_site_footer_main":"0","cozystay_single_page_site_footer_hide_above":"","cozystay_single_custom_site_footer_above_source":"","cozystay_single_custom_site_footer_above":"0","cozystay_single_page_site_footer_hide_instagram":"","cozystay_single_page_site_footer_hide_bottom":"","cozystay_single_custom_mobile_menu_source":"","cozystay_single_custom_mobile_menu":"0","cozystay_single_custom_mobile_menu_animation":"","cozystay_single_custom_mobile_menu_width":"","cozystay_single_custom_mobile_menu_custom_width":375,"footnotes":""},"class_list":["post-271","page","type-page","status-publish","hentry"],"yoast_head":"<!-- This site is optimized with the Yoast SEO plugin v24.5 - https:\/\/yoast.com\/wordpress\/plugins\/seo\/ -->\n<title>Villa Porcelaine - Esk\u00fcv\u0151i helysz\u00edn sz\u00e1ll\u00e1ssal Keszthelyen<\/title>\n<meta name=\"description\" content=\"Esk\u00fcv\u0151i helysz\u00edn sz\u00e1ll\u00e1ssal: a Villa Porcelaine k\u00e9t hatf\u0151s lakoszt\u00e1ly\u00e1val, t\u00e1gas k\u00f6z\u00f6ss\u00e9gi ter\u00e9vel \u00e9s \u00e1rnyas kertj\u00e9vel v\u00e1r titeket.\" \/>\n<meta name=\"robots\" content=\"index, follow, max-snippet:-1, max-image-preview:large, max-video-preview:-1\" \/>\n<link rel=\"canonical\" href=\"https:\/\/villaporcelaine.com\/?page_id=271\" \/>\n<meta property=\"og:locale\" content=\"hu_HU\" \/>\n<meta property=\"og:type\" content=\"article\" \/>\n<meta property=\"og:title\" content=\"Villa Porcelaine - Esk\u00fcv\u0151i helysz\u00edn sz\u00e1ll\u00e1ssal Keszthelyen\" \/>\n<meta property=\"og:description\" content=\"Esk\u00fcv\u0151i helysz\u00edn sz\u00e1ll\u00e1ssal: a Villa Porcelaine k\u00e9t hatf\u0151s lakoszt\u00e1ly\u00e1val, t\u00e1gas k\u00f6z\u00f6ss\u00e9gi ter\u00e9vel \u00e9s \u00e1rnyas kertj\u00e9vel v\u00e1r titeket.\" \/>\n<meta property=\"og:url\" content=\"https:\/\/villaporcelaine.com\/?page_id=271\" \/>\n<meta property=\"og:site_name\" content=\"Villa Porcelaine\" \/>\n<meta property=\"article:modified_time\" content=\"2025-03-25T10:58:00+00:00\" \/>\n<meta property=\"og:image\" content=\"https:\/\/villaporcelaine.com\/wp-content\/uploads\/2025\/03\/DSC04134-scaled.jpg\" \/>\n\t<meta property=\"og:image:width\" content=\"1932\" \/>\n\t<meta property=\"og:image:height\" content=\"2560\" \/>\n\t<meta property=\"og:image:type\" content=\"image\/jpeg\" \/>\n<meta name=\"twitter:card\" content=\"summary_large_image\" \/>\n<meta name=\"twitter:label1\" content=\"Becs\u00fclt olvas\u00e1si id\u0151\" \/>\n\t<meta name=\"twitter:data1\" content=\"2 perc\" \/>\n<script type=\"application\/ld+json\" class=\"yoast-schema-graph\">{\"@context\":\"https:\/\/schema.org\",\"@graph\":[{\"@type\":\"WebPage\",\"@id\":\"https:\/\/villaporcelaine.com\/?page_id=271\",\"url\":\"https:\/\/villaporcelaine.com\/?page_id=271\",\"name\":\"Villa Porcelaine - Esk\u00fcv\u0151i helysz\u00edn sz\u00e1ll\u00e1ssal Keszthelyen\",\"isPartOf\":{\"@id\":\"https:\/\/villaporcelaine.com\/#website\"},\"primaryImageOfPage\":{\"@id\":\"https:\/\/villaporcelaine.com\/?page_id=271#primaryimage\"},\"image\":{\"@id\":\"https:\/\/villaporcelaine.com\/?page_id=271#primaryimage\"},\"thumbnailUrl\":\"https:\/\/villaporcelaine.com\/wp-content\/uploads\/2025\/03\/DSC04134-773x1024.jpg\",\"datePublished\":\"2023-03-28T04:41:51+00:00\",\"dateModified\":\"2025-03-25T10:58:00+00:00\",\"description\":\"Esk\u00fcv\u0151i helysz\u00edn sz\u00e1ll\u00e1ssal: a Villa Porcelaine k\u00e9t hatf\u0151s lakoszt\u00e1ly\u00e1val, t\u00e1gas k\u00f6z\u00f6ss\u00e9gi ter\u00e9vel \u00e9s \u00e1rnyas kertj\u00e9vel v\u00e1r titeket.\",\"breadcrumb\":{\"@id\":\"https:\/\/villaporcelaine.com\/?page_id=271#breadcrumb\"},\"inLanguage\":\"hu\",\"potentialAction\":[{\"@type\":\"ReadAction\",\"target\":[\"https:\/\/villaporcelaine.com\/?page_id=271\"]}]},{\"@type\":\"ImageObject\",\"inLanguage\":\"hu\",\"@id\":\"https:\/\/villaporcelaine.com\/?page_id=271#primaryimage\",\"url\":\"https:\/\/villaporcelaine.com\/wp-content\/uploads\/2025\/03\/DSC04134-scaled.jpg\",\"contentUrl\":\"https:\/\/villaporcelaine.com\/wp-content\/uploads\/2025\/03\/DSC04134-scaled.jpg\",\"width\":1932,\"height\":2560},{\"@type\":\"BreadcrumbList\",\"@id\":\"https:\/\/villaporcelaine.com\/?page_id=271#breadcrumb\",\"itemListElement\":[{\"@type\":\"ListItem\",\"position\":1,\"name\":\"Home\",\"item\":\"https:\/\/villaporcelaine.com\/\"},{\"@type\":\"ListItem\",\"position\":2,\"name\":\"Esk\u00fcv\u0151k\"}]},{\"@type\":\"WebSite\",\"@id\":\"https:\/\/villaporcelaine.com\/#website\",\"url\":\"https:\/\/villaporcelaine.com\/\",\"name\":\"Villa Porcelaine\",\"description\":\"Sz\u00edvhez sz\u00f3l\u00f3an elb\u0171v\u00f6l\u0151 Villa Keszthelyen\",\"publisher\":{\"@id\":\"https:\/\/villaporcelaine.com\/#organization\"},\"potentialAction\":[{\"@type\":\"SearchAction\",\"target\":{\"@type\":\"EntryPoint\",\"urlTemplate\":\"https:\/\/villaporcelaine.com\/?s={search_term_string}\"},\"query-input\":{\"@type\":\"PropertyValueSpecification\",\"valueRequired\":true,\"valueName\":\"search_term_string\"}}],\"inLanguage\":\"hu\"},{\"@type\":\"Organization\",\"@id\":\"https:\/\/villaporcelaine.com\/#organization\",\"name\":\"Villa Porcelaine\",\"url\":\"https:\/\/villaporcelaine.com\/\",\"logo\":{\"@type\":\"ImageObject\",\"inLanguage\":\"hu\",\"@id\":\"https:\/\/villaporcelaine.com\/#\/schema\/logo\/image\/\",\"url\":\"https:\/\/villaporcelaine.com\/wp-content\/uploads\/2023\/12\/VillalogoWhite.svg\",\"contentUrl\":\"https:\/\/villaporcelaine.com\/wp-content\/uploads\/2023\/12\/VillalogoWhite.svg\",\"width\":202,\"height\":52,\"caption\":\"Villa Porcelaine\"},\"image\":{\"@id\":\"https:\/\/villaporcelaine.com\/#\/schema\/logo\/image\/\"}}]}<\/script>\n<!-- \/ Yoast SEO plugin. -->","yoast_head_json":{"title":"Villa Porcelaine - Esk\u00fcv\u0151i helysz\u00edn sz\u00e1ll\u00e1ssal Keszthelyen","description":"Esk\u00fcv\u0151i helysz\u00edn sz\u00e1ll\u00e1ssal: a Villa Porcelaine k\u00e9t hatf\u0151s lakoszt\u00e1ly\u00e1val, t\u00e1gas k\u00f6z\u00f6ss\u00e9gi ter\u00e9vel \u00e9s \u00e1rnyas kertj\u00e9vel v\u00e1r titeket.","robots":{"index":"index","follow":"follow","max-snippet":"max-snippet:-1","max-image-preview":"max-image-preview:large","max-video-preview":"max-video-preview:-1"},"canonical":"https:\/\/villaporcelaine.com\/?page_id=271","og_locale":"hu_HU","og_type":"article","og_title":"Villa Porcelaine - Esk\u00fcv\u0151i helysz\u00edn sz\u00e1ll\u00e1ssal Keszthelyen","og_description":"Esk\u00fcv\u0151i helysz\u00edn sz\u00e1ll\u00e1ssal: a Villa Porcelaine k\u00e9t hatf\u0151s lakoszt\u00e1ly\u00e1val, t\u00e1gas k\u00f6z\u00f6ss\u00e9gi ter\u00e9vel \u00e9s \u00e1rnyas kertj\u00e9vel v\u00e1r titeket.","og_url":"https:\/\/villaporcelaine.com\/?page_id=271","og_site_name":"Villa Porcelaine","article_modified_time":"2025-03-25T10:58:00+00:00","og_image":[{"width":1932,"height":2560,"url":"https:\/\/villaporcelaine.com\/wp-content\/uploads\/2025\/03\/DSC04134-scaled.jpg","type":"image\/jpeg"}],"twitter_card":"summary_large_image","twitter_misc":{"Becs\u00fclt olvas\u00e1si id\u0151":"2 perc"},"schema":{"@context":"https:\/\/schema.org","@graph":[{"@type":"WebPage","@id":"https:\/\/villaporcelaine.com\/?page_id=271","url":"https:\/\/villaporcelaine.com\/?page_id=271","name":"Villa Porcelaine - Esk\u00fcv\u0151i helysz\u00edn sz\u00e1ll\u00e1ssal Keszthelyen","isPartOf":{"@id":"https:\/\/villaporcelaine.com\/#website"},"primaryImageOfPage":{"@id":"https:\/\/villaporcelaine.com\/?page_id=271#primaryimage"},"image":{"@id":"https:\/\/villaporcelaine.com\/?page_id=271#primaryimage"},"thumbnailUrl":"https:\/\/villaporcelaine.com\/wp-content\/uploads\/2025\/03\/DSC04134-773x1024.jpg","datePublished":"2023-03-28T04:41:51+00:00","dateModified":"2025-03-25T10:58:00+00:00","description":"Esk\u00fcv\u0151i helysz\u00edn sz\u00e1ll\u00e1ssal: a Villa Porcelaine k\u00e9t hatf\u0151s lakoszt\u00e1ly\u00e1val, t\u00e1gas k\u00f6z\u00f6ss\u00e9gi ter\u00e9vel \u00e9s \u00e1rnyas kertj\u00e9vel v\u00e1r titeket.","breadcrumb":{"@id":"https:\/\/villaporcelaine.com\/?page_id=271#breadcrumb"},"inLanguage":"hu","potentialAction":[{"@type":"ReadAction","target":["https:\/\/villaporcelaine.com\/?page_id=271"]}]},{"@type":"ImageObject","inLanguage":"hu","@id":"https:\/\/villaporcelaine.com\/?page_id=271#primaryimage","url":"https:\/\/villaporcelaine.com\/wp-content\/uploads\/2025\/03\/DSC04134-scaled.jpg","contentUrl":"https:\/\/villaporcelaine.com\/wp-content\/uploads\/2025\/03\/DSC04134-scaled.jpg","width":1932,"height":2560},{"@type":"BreadcrumbList","@id":"https:\/\/villaporcelaine.com\/?page_id=271#breadcrumb","itemListElement":[{"@type":"ListItem","position":1,"name":"Home","item":"https:\/\/villaporcelaine.com\/"},{"@type":"ListItem","position":2,"name":"Esk\u00fcv\u0151k"}]},{"@type":"WebSite","@id":"https:\/\/villaporcelaine.com\/#website","url":"https:\/\/villaporcelaine.com\/","name":"Villa Porcelaine","description":"Sz\u00edvhez sz\u00f3l\u00f3an elb\u0171v\u00f6l\u0151 Villa Keszthelyen","publisher":{"@id":"https:\/\/villaporcelaine.com\/#organization"},"potentialAction":[{"@type":"SearchAction","target":{"@type":"EntryPoint","urlTemplate":"https:\/\/villaporcelaine.com\/?s={search_term_string}"},"query-input":{"@type":"PropertyValueSpecification","valueRequired":true,"valueName":"search_term_string"}}],"inLanguage":"hu"},{"@type":"Organization","@id":"https:\/\/villaporcelaine.com\/#organization","name":"Villa Porcelaine","url":"https:\/\/villaporcelaine.com\/","logo":{"@type":"ImageObject","inLanguage":"hu","@id":"https:\/\/villaporcelaine.com\/#\/schema\/logo\/image\/","url":"https:\/\/villaporcelaine.com\/wp-content\/uploads\/2023\/12\/VillalogoWhite.svg","contentUrl":"https:\/\/villaporcelaine.com\/wp-content\/uploads\/2023\/12\/VillalogoWhite.svg","width":202,"height":52,"caption":"Villa Porcelaine"},"image":{"@id":"https:\/\/villaporcelaine.com\/#\/schema\/logo\/image\/"}}]}},"jetpack_sharing_enabled":true,"_links":{"self":[{"href":"https:\/\/villaporcelaine.com\/index.php?rest_route=\/wp\/v2\/pages\/271","targetHints":{"allow":["GET"]}}],"collection":[{"href":"https:\/\/villaporcelaine.com\/index.php?rest_route=\/wp\/v2\/pages"}],"about":[{"href":"https:\/\/villaporcelaine.com\/index.php?rest_route=\/wp\/v2\/types\/page"}],"author":[{"embeddable":true,"href":"https:\/\/villaporcelaine.com\/index.php?rest_route=\/wp\/v2\/users\/1"}],"replies":[{"embeddable":true,"href":"https:\/\/villaporcelaine.com\/index.php?rest_route=%2Fwp%2Fv2%2Fcomments&post=271"}],"version-history":[{"count":74,"href":"https:\/\/villaporcelaine.com\/index.php?rest_route=\/wp\/v2\/pages\/271\/revisions"}],"predecessor-version":[{"id":5841,"href":"https:\/\/villaporcelaine.com\/index.php?rest_route=\/wp\/v2\/pages\/271\/revisions\/5841"}],"wp:attachment":[{"href":"https:\/\/villaporcelaine.com\/index.php?rest_route=%2Fwp%2Fv2%2Fmedia&parent=271"}],"curies":[{"name":"wp","href":"https:\/\/api.w.org\/{rel}","templated":true}]}}